{"id":462,"date":"2025-04-06T04:26:31","date_gmt":"2025-04-06T04:26:31","guid":{"rendered":"https:\/\/viajesaindia.in\/?page_id=462"},"modified":"2026-01-18T08:20:38","modified_gmt":"2026-01-18T08:20:38","slug":"sagrada-varanasi-con-triangulo-de-dorado","status":"publish","type":"page","link":"https:\/\/viajesaindia.in\/pt\/sagrada-varanasi-con-triangulo-de-dorado\/","title":{"rendered":"Sagrada Varanasi Con Triangulo de Dorado"},"content":{"rendered":"<div data-elementor-type=\"wp-page\" data-elementor-id=\"462\" class=\"elementor elementor-462\" data-elementor-post-type=\"page\">\n\t\t\t\t<div class=\"elementor-element elementor-element-8315090 e-flex e-con-boxed e-con e-parent\" data-id=\"8315090\" data-element_type=\"container\" data-e-type=\"container\">\n\t\t\t\t\t<div class=\"e-con-inner\">\n\t\t\t\t<div class=\"elementor-element elementor-element-70150ef elementor-widget elementor-widget-image\" data-id=\"70150ef\" data-element_type=\"widget\" data-e-type=\"widget\" data-widget_type=\"image.default\">\n\t\t\t\t<div class=\"elementor-widget-container\">\n\t\t\t\t\t\t\t\t\t\t\t\t\t\t\t<img fetchpriority=\"high\" decoding=\"async\" width=\"1024\" height=\"181\" src=\"https:\/\/viajesaindia.in\/wp-content\/uploads\/2025\/04\/varanasi-b-1024x181.jpg\" class=\"attachment-large size-large wp-image-735\" alt=\"\" srcset=\"https:\/\/viajesaindia.in\/wp-content\/uploads\/2025\/04\/varanasi-b-1024x181.jpg 1024w, https:\/\/viajesaindia.in\/wp-content\/uploads\/2025\/04\/varanasi-b-300x53.jpg 300w, https:\/\/viajesaindia.in\/wp-content\/uploads\/2025\/04\/varanasi-b-768x136.jpg 768w, https:\/\/viajesaindia.in\/wp-content\/uploads\/2025\/04\/varanasi-b-1536x271.jpg 1536w, https:\/\/viajesaindia.in\/wp-content\/uploads\/2025\/04\/varanasi-b.jpg 1700w\" sizes=\"(max-width: 1024px) 100vw, 1024px\" \/>\t\t\t\t\t\t\t\t\t\t\t\t\t\t\t<\/div>\n\t\t\t\t<\/div>\n\t\t\t\t\t<\/div>\n\t\t\t\t<\/div>\n\t\t<div class=\"elementor-element elementor-element-f3f8411 e-flex e-con-boxed e-con e-parent\" data-id=\"f3f8411\" data-element_type=\"container\" data-e-type=\"container\">\n\t\t\t\t\t<div class=\"e-con-inner\">\n\t\t\t\t<div class=\"elementor-element elementor-element-cc0f9e7 elementor-widget__width-initial elementor-widget elementor-widget-heading\" data-id=\"cc0f9e7\" data-element_type=\"widget\" data-e-type=\"widget\" data-widget_type=\"heading.default\">\n\t\t\t\t<div class=\"elementor-widget-container\">\n\t\t\t\t\t<h2 class=\"elementor-heading-title elementor-size-default\">Sagrada Varanasi \/ Kashi \/ Benaras con Triangulo de Dorado<br>08 Noches \/ 09 Dias<\/h2>\t\t\t\t<\/div>\n\t\t\t\t<\/div>\n\t\t\t\t\t<\/div>\n\t\t\t\t<\/div>\n\t\t<div class=\"elementor-element elementor-element-0d4c2b0 e-flex e-con-boxed e-con e-parent\" data-id=\"0d4c2b0\" data-element_type=\"container\" data-e-type=\"container\">\n\t\t\t\t\t<div class=\"e-con-inner\">\n\t\t<div class=\"elementor-element elementor-element-d1ec469 e-con-full e-flex e-con e-child\" data-id=\"d1ec469\" data-element_type=\"container\" data-e-type=\"container\">\n\t\t\t\t<div class=\"elementor-element elementor-element-410f380 elementor-widget elementor-widget-text-editor\" data-id=\"410f380\" data-element_type=\"widget\" data-e-type=\"widget\" data-widget_type=\"text-editor.default\">\n\t\t\t\t<div class=\"elementor-widget-container\">\n\t\t\t\t\t\t\t\t\t<p><b>Los Precios y Horario sujeto de Cambio en Horas de Confirmacion y los Precio no valido solo para las fechas de festivos y noche buena y noche vieaja .<\/b><\/p><p><b>Precio base en Dolares Americanos USD puden cambiar Internacional Bank Rates.<\/b><\/p><p><b>Precio USD 915 Por personas en base de los hoteles 5*<\/b><\/p><p><b><u><span lang=\"EN-IN\" style=\"font-size: 10.0pt; mso-bidi-font-size: 11.0pt; line-height: 107%; font-family: 'Verdana','sans-serif';\">Inclusion: &#8211;<\/span><\/u><\/b><\/p><ul style=\"margin-top: 0in;\" type=\"disc\"><li style=\"color: black; mso-themecolor: text1; margin-bottom: .0001pt; text-align: justify; line-height: normal; mso-list: l1 level1 lfo1; tab-stops: list .5in;\"><span lang=\"ES\" style=\"font-size: 10.0pt; mso-bidi-font-size: 11.0pt; font-family: 'Verdana','sans-serif'; mso-bidi-font-family: Arial; mso-ansi-language: ES;\">Total 08 noches de hotel 5* elegido.<\/span><\/li><li style=\"color: black; mso-themecolor: text1; margin-bottom: .0001pt; text-align: justify; line-height: normal; mso-list: l1 level1 lfo1; tab-stops: list .5in;\"><span lang=\"ES\" style=\"font-size: 10.0pt; mso-bidi-font-size: 11.0pt; font-family: 'Verdana','sans-serif'; mso-bidi-font-family: Arial; mso-ansi-language: ES;\">Alojamiento en habitaci\u00f3n\u00a0doble \/ Twin con desayuno y Cena diario.<\/span><\/li><li style=\"color: black; mso-themecolor: text1; margin-bottom: .0001pt; text-align: justify; line-height: normal; mso-list: l1 level1 lfo1; tab-stops: list .5in;\"><span lang=\"ES\" style=\"font-size: 10.0pt; mso-bidi-font-size: 11.0pt; font-family: 'Verdana','sans-serif'; mso-bidi-font-family: Arial; mso-ansi-language: ES;\">Paseo Por Rickshwa (Triceclera) en Mercado Vieja Delhi, Chandni Chowk<\/span><\/li><li style=\"color: black; mso-themecolor: text1; margin-bottom: .0001pt; text-align: justify; line-height: normal; mso-list: l0 level1 lfo2; tab-stops: list .5in;\"><span lang=\"ES\" style=\"font-size: 10.0pt; mso-bidi-font-size: 11.0pt; font-family: 'Verdana','sans-serif'; mso-bidi-font-family: Arial; mso-ansi-language: ES;\">Sube a por Jeep en el fuerte de Amber, Jaipur.<\/span><\/li><li style=\"color: black; mso-themecolor: text1; margin-bottom: .0001pt; text-align: justify; line-height: normal; mso-list: l0 level1 lfo2; tab-stops: list .5in;\"><span lang=\"ES\" style=\"font-size: 10.0pt; mso-bidi-font-size: 11.0pt; font-family: 'Verdana','sans-serif'; mso-bidi-font-family: Arial; mso-ansi-language: ES;\">Las Entradas de Monumentos<\/span><\/li><li style=\"color: black; mso-themecolor: text1; margin-bottom: .0001pt; text-align: justify; line-height: normal; mso-list: l0 level1 lfo2; tab-stops: list .5in;\"><span lang=\"ES\" style=\"font-size: 10.0pt; mso-bidi-font-size: 11.0pt; font-family: 'Verdana','sans-serif'; mso-bidi-font-family: Arial; mso-ansi-language: ES;\">Paseo en Barco en Rio Ganges, Varanasi<\/span><\/li><li style=\"margin-bottom: .0001pt; text-align: justify; line-height: normal; mso-list: l0 level1 lfo2; tab-stops: list .5in;\"><span lang=\"ES\" style=\"font-size: 10.0pt; mso-bidi-font-size: 11.0pt; font-family: 'Verdana','sans-serif'; mso-bidi-font-family: Arial; mso-ansi-language: ES;\">Traslados,\u00a0visitas \/ excursiones seg\u00fan programa para Numero de\u00a0 pasajeros en un coche Medium \/ Micro Van \/ Autobus Mini de aire\u00a0acondicionado.<\/span><\/li><li style=\"margin-bottom: .0001pt; text-align: justify; line-height: normal; mso-list: l0 level1 lfo2; tab-stops: list .5in;\"><span lang=\"ES\" style=\"font-style: inherit; font-weight: inherit; text-indent: -0.25in; font-size: 10pt; font-family: Verdana, 'sans-serif'; color: black;\">Gu\u00edas acompa\u00f1antes de habla\u00a0Castellana para todas las visitas y excursiones seg\u00fan el itinerario.<\/span><\/li><li style=\"margin-bottom: .0001pt; text-align: justify; line-height: normal; mso-list: l0 level1 lfo2; tab-stops: list .5in;\"><span lang=\"ES\" style=\"font-style: inherit; font-weight: inherit; text-indent: -0.25in; font-size: 10pt; font-family: Verdana, 'sans-serif'; color: black;\">Asistencia espa\u00f1ol telef\u00f3nica\u00a024 horas \/ 7 d\u00edas durante el recorrido.<\/span><\/li><li style=\"color: black; mso-themecolor: text1; margin-bottom: .0001pt; text-align: justify; line-height: normal; mso-list: l0 level1 lfo2; tab-stops: list .5in;\"><span lang=\"ES\" style=\"font-size: 10.0pt; mso-bidi-font-size: 11.0pt; font-family: 'Verdana','sans-serif'; mso-bidi-font-family: Arial; mso-ansi-language: ES;\">Impuestos locales\u00a0aplicados en estos momentos.<\/span><\/li><li style=\"color: black; mso-themecolor: text1; margin-bottom: .0001pt; text-align: justify; line-height: normal; mso-list: l0 level1 lfo2; tab-stops: list .5in;\"><span lang=\"ES\" style=\"font-size: 10.0pt; mso-bidi-font-size: 11.0pt; font-family: 'Verdana','sans-serif'; mso-bidi-font-family: Arial; mso-ansi-language: ES;\">El Impuesto de 5.00%.<\/span><\/li><\/ul><p style=\"font-size: 16px; font-style: normal; font-weight: 300;\"><span style=\"font-weight: bold; font-style: inherit;\">Exclusion:-<\/span><b style=\"font-style: inherit; text-align: justify;\"><u><span lang=\"ES\" style=\"font-size: 10.0pt; mso-bidi-font-size: 11.0pt; line-height: 107%; font-family: 'Verdana','sans-serif'; mso-bidi-font-family: Arial; mso-ansi-language: ES;\">\u00a0<\/span><\/u><\/b><\/p><ul style=\"margin-top: 0in;\" type=\"disc\"><li style=\"margin-bottom: .0001pt; text-align: justify; line-height: normal; mso-list: l0 level1 lfo1; tab-stops: list .5in;\"><span lang=\"ES\" style=\"font-size: 10.0pt; mso-bidi-font-size: 11.0pt; font-family: 'Verdana','sans-serif'; mso-bidi-font-family: Arial; mso-ansi-language: ES;\">Tarifa\u00a0a\u00e9rea y tasas de aeropuerto.<\/span><\/li><li style=\"margin-bottom: .0001pt; text-align: justify; line-height: normal; mso-list: l0 level1 lfo1; tab-stops: list .5in;\"><span lang=\"ES\" style=\"font-size: 10.0pt; mso-bidi-font-size: 11.0pt; font-family: 'Verdana','sans-serif'; mso-bidi-font-family: Arial; mso-ansi-language: ES;\">Gastos\u00a0personales como bebidas, propinas, visados, seguros, lavander\u00eda, as\u00ed como\u00a0llamadas telef\u00f3nicas.<\/span><\/li><li style=\"margin-bottom: .0001pt; text-align: justify; line-height: normal; mso-list: l0 level1 lfo1; tab-stops: list .5in;\"><span lang=\"ES\" style=\"font-size: 10.0pt; mso-bidi-font-size: 11.0pt; font-family: 'Verdana','sans-serif'; mso-bidi-font-family: Arial; mso-ansi-language: ES;\">Billetes\u00a0de vuelos nacional &amp; Internacional, visado.<\/span><\/li><li style=\"margin-bottom: .0001pt; text-align: justify; line-height: normal; mso-list: l0 level1 lfo1; tab-stops: list .5in;\"><span lang=\"ES\" style=\"font-style: inherit; font-weight: inherit; text-indent: -0.25in; text-align: start; font-size: 10pt; font-family: Verdana, 'sans-serif';\">Las Propinas durante del Viaje, <\/span><span lang=\"PT-BR\" style=\"font-style: inherit; font-weight: inherit; text-indent: -0.25in; text-align: start; font-size: 10pt; font-family: Verdana, 'sans-serif'; color: black;\">La propina tradicional para el gu\u00eda y \/ o conductor, a discreci\u00f3n de\u00a0cada pasajero.<\/span><\/li><li style=\"margin-bottom: .0001pt; text-align: justify; line-height: normal; mso-list: l0 level1 lfo1; tab-stops: list .5in;\"><span lang=\"PT-BR\" style=\"font-style: inherit; font-weight: inherit; text-indent: -0.25in; text-align: start; font-size: 10pt; font-family: Verdana, 'sans-serif'; color: black;\">Tarifas\u00a0de pasaporte y visa para India.<\/span><\/li><li style=\"margin-bottom: .0001pt; text-align: justify; line-height: normal; mso-list: l0 level1 lfo1; tab-stops: list .5in;\"><span lang=\"PT-BR\" style=\"font-style: inherit; font-weight: inherit; text-indent: -0.25in; text-align: start; font-size: 10pt; font-family: Verdana, 'sans-serif'; color: black;\">Excursiones\u00a0opcionales.<\/span><\/li><li style=\"margin-bottom: .0001pt; text-align: justify; line-height: normal; mso-list: l0 level1 lfo1; tab-stops: list .5in;\"><span lang=\"PT-BR\" style=\"font-style: inherit; font-weight: inherit; text-indent: -0.25in; text-align: start; font-size: 10pt; font-family: Verdana, 'sans-serif'; color: black;\">Comidas\u00a0no mencionadas como incluidas.<\/span><\/li><li style=\"margin-bottom: .0001pt; text-align: justify; line-height: normal; mso-list: l0 level1 lfo1; tab-stops: list .5in;\"><span lang=\"PT-BR\" style=\"font-style: inherit; font-weight: inherit; text-indent: -0.25in; text-align: start; font-size: 10pt; font-family: Verdana, 'sans-serif'; color: black;\">Hora de\u00a0llegada anticipada (check-in temprano).<\/span><\/li><li style=\"margin-bottom: .0001pt; text-align: justify; line-height: normal; mso-list: l0 level1 lfo1; tab-stops: list .5in;\"><span lang=\"PT-BR\" style=\"font-style: inherit; font-weight: inherit; text-indent: -0.25in; text-align: start; font-size: 10pt; font-family: Verdana, 'sans-serif'; color: black;\">Extensi\u00f3n\u00a0del horario de salida (salida tard\u00eda).<\/span><\/li><\/ul>\t\t\t\t\t\t\t\t<\/div>\n\t\t\t\t<\/div>\n\t\t\t\t<\/div>\n\t\t\t\t\t<\/div>\n\t\t\t\t<\/div>\n\t\t<div class=\"elementor-element elementor-element-afa8d81 e-flex e-con-boxed e-con e-parent\" data-id=\"afa8d81\" data-element_type=\"container\" data-e-type=\"container\">\n\t\t\t\t\t<div class=\"e-con-inner\">\n\t\t\t\t<div class=\"elementor-element elementor-element-42eb706 elementor-widget elementor-widget-text-editor\" data-id=\"42eb706\" data-element_type=\"widget\" data-e-type=\"widget\" data-widget_type=\"text-editor.default\">\n\t\t\t\t<div class=\"elementor-widget-container\">\n\t\t\t\t\t\t\t\t\t<p><strong>D\u00eda 01&nbsp;&nbsp;&nbsp;&nbsp;&nbsp;&nbsp;&nbsp;&nbsp;&nbsp;&nbsp;&nbsp;&nbsp; Lugar de Origen &#8211; Delhi (Por el vuelo)<\/strong><\/p>\n<p>Al llegar en aeropuerto de Nueva Delhi. Recepci\u00f3n despu\u00e9s de bienvenida tradicional traslado al hotel. Alojamiento en hotel.<\/p>\n<p><strong>&nbsp;<\/strong><\/p>\n<p><strong>D\u00eda 02&nbsp;&nbsp;&nbsp;&nbsp;&nbsp;&nbsp;&nbsp;&nbsp;&nbsp;&nbsp;&nbsp;&nbsp; Delhi<\/strong><\/p>\n<p>Desayuno. Por la ma\u00f1ana, visita al <strong>Vieja Delhi.<\/strong> El recorrido incluye la visita de <strong>Jama Masjid<\/strong>, con su inmenso patio y c\u00fapulas de m\u00e1rmol. Recorrido por la zona del <strong>Fuerte Rojo y ChandniChowk<\/strong>, formado por un laberinto de callejones. Tambi\u00e9n visita al <strong>RajGhat<\/strong> (Tumba simb\u00f3lica o Memorial de Mahatma Gandhi).<\/p>\n<p>Por la tarde, <strong>Visita Nueva Delhi<\/strong>, parte moderna de la ciudad construida por los ingleses en el a\u00f1o 1911 como sede administrativa del British Raj. <strong>El recorrido incluye la Puerta de la India, El torre del Qutub, RashtrapatiBhawan, antigua Residencia del Virrey y hoy Palacio Presidencial.<\/strong>Alojamiento en hotel.<\/p>\n<p><strong>&nbsp;<\/strong><\/p>\n<p><strong>D\u00eda 03&nbsp;&nbsp;&nbsp;&nbsp;&nbsp;&nbsp;&nbsp;&nbsp;&nbsp;&nbsp;&nbsp;&nbsp; Delhi \u2013&nbsp; Jaipur (265 Kil\u00f3metros \/ 06 horas) <\/strong><\/p>\n<p>Desayuno.&nbsp; Por la ma\u00f1ana traslado por carretera a Jaipur. Al llegar traslado al hotel.&nbsp; Alojamiento en hotel.<\/p>\n<p><strong>&nbsp;<\/strong><\/p>\n<p><strong>D\u00eda 04&nbsp;&nbsp;&nbsp;&nbsp;&nbsp;&nbsp;&nbsp;&nbsp;&nbsp;&nbsp;&nbsp;&nbsp; Jaipur <\/strong><\/p>\n<p>Desayuno. Por la ma\u00f1ana realizar la excursi\u00f3n al <strong>Fuerte de Amber, <\/strong>antigua capital de los Maharaj\u00e1s de Jaipur, est\u00e1 situada a unos 11 Kms de Jaipur. La subida al Fuerte se realizar\u00e1 a lomos de elefante, una experiencia inolvidable. En ruta tendr\u00e1n una breve parada&nbsp;para tomar la fotograf\u00eda tradicional&nbsp;en <strong>HawaMahal<\/strong>&nbsp;(Palacio de los Vientos).<\/p>\n<p>Por la tarde visita <strong>el palacio de la ciudad<\/strong>, construido entre 1729 y 1732, inicialmente por Sawai Jai Singh II, el pr\u00edncipe de \u00c1mbar. Incluye las ChandraMahal y Mubarak Mahal palacios que ahora alberga como museos y <strong>el Observatorio (JantarMantar), <\/strong>Construido por el rey Jai Singh II entre 1727 y 1734, literalmente significa &#8220;instrumento de c\u00e1lculo&#8221;, que miden el tiempo, predecir eclipses y las estrellas de la pista. Luego un paseo en <strong>Rickshaw&nbsp;<\/strong>por el Mercado local de Jaipur.Alojamiento en hotel.<\/p>\n<p><strong>&nbsp;<\/strong><\/p>\n<p><strong>D\u00eda 05&nbsp;&nbsp;&nbsp;&nbsp;&nbsp;&nbsp;&nbsp;&nbsp;&nbsp;&nbsp;&nbsp;&nbsp; Jaipur \u2013 FatehpurSikri \u2013 Agra (245 kil\u00f3metros \/ 5 horas)<\/strong><\/p>\n<p>Desayuno. Por la ma\u00f1ana saldremos por carretera hacia Agra en ruta visita <strong>FathepurSikri<\/strong>, Ubicado a 37 Km de Agra, La fundaci\u00f3n de esta ciudad &#8220;fantasma&#8221; fue dedicada por el&nbsp;<span style=\"font-style: inherit; font-weight: inherit; letter-spacing: -0.1px;\">Emperador Akbar al Santo SalimChisti, quien le bendijo y vaticin\u00f3 el nacimiento de su hijo. En agradecimiento, Akbar construy\u00f3 la ciudad en el a\u00f1o 1569. Tras un breve espacio de&nbsp;<\/span><span style=\"font-style: inherit; font-weight: inherit; letter-spacing: -0.1px;\">tiempo, la ciudad fue abandonada por falta de agua. Terminada la visita, seguir\u00e1n por carretera hacia Agra. Al llegar traslado al hotel. Alojamiento en hotel.<\/span><\/p>\n<p><strong>&nbsp;<\/strong><\/p>\n<p><strong>D\u00eda 06&nbsp;&nbsp;&nbsp;&nbsp;&nbsp;&nbsp;&nbsp;&nbsp;&nbsp;&nbsp;&nbsp;&nbsp; Agra<\/strong><\/p>\n<p>Desayuno. Por la ma\u00f1ana visita mundialmente famoso <strong>Taj Mahal (cerrado en viernes),<\/strong> una de las siete maravillas del mundo. Su construcci\u00f3n comenz\u00f3 en el a\u00f1o 1631 y durante 22 a\u00f1os, 22000 personas trabajaron para levantar uno de los monumentos m\u00e1s bellos del mundo, dedicado por el Emperador ShahJahan a su esposa MuntazMahal y <strong>Fuerte Rojo de Agra<\/strong>, Construida en piedra arenisca roja, es el uno de los famosos monumentos de Agra distintos de TajMahal. El semi fortaleza circular fue iniciado por Akbar en 1565, y se termin\u00f3 en 1574.<\/p>\n<p>Por la tarde visita <strong>Itimad al Daula<\/strong>, construida por NoorJahan, esposa de Jahangir, por su padre Mirza GhiyasBeg una muy pobre comerciante que vive en Persia, quien fue honrado con el t\u00edtulo de Itmad-ud-Daula o el pilar del Estado por el MughalEmperor. Considerado como la primera tumba en la India, que hechos de m\u00e1rmol blanco y famoso como el bebe Taj. se supone que es un proyecto para la construcci\u00f3n del TajMahal. Alojamiento en hotel.<\/p>\n<p><strong>&nbsp;<\/strong><\/p>\n<p><strong>D\u00eda 07&nbsp;&nbsp;&nbsp;&nbsp;&nbsp;&nbsp;&nbsp;&nbsp;&nbsp;&nbsp;&nbsp;&nbsp; Agra \u2013 Delhi (210 Kil\u00f3metros \/ 04 horas) \u2013 Varanasi (Por el vuelo)<\/strong><\/p>\n<p>Desayuno. Por la ma\u00f1ana traslado al aeropuerto de Delhi para salir en vuelo Varanasi<\/p>\n<p><strong>&nbsp;<\/strong><\/p>\n<p><strong>En Vuelo: 6E 2231 &nbsp;&nbsp;&nbsp;&nbsp;&nbsp;&nbsp;&nbsp;&nbsp;&nbsp;&nbsp;&nbsp;&nbsp;&nbsp;&nbsp; salida a las 14:45 horas&nbsp;&nbsp;&nbsp;&nbsp; Llegada a las 16:10 horas<\/strong><\/p>\n<p>Al llegar traslado al hotel.<\/p>\n<p>Luego<strong> La ceremonia Aarti<\/strong> (<strong>oraci\u00f3n colectiva<\/strong>) en el r\u00edo Ganges (rio sagrado en la India) es impresionante la oscuridad de la noche contrastando con el r\u00edo,&nbsp; ghats y templos, iluminados con l\u00e1mparas&nbsp; y velas&nbsp; mientras&nbsp; las personas&nbsp; realizan sus&nbsp; oraciones. Regreso al hotel y Alojamiento en hotel.<\/p>\n<p><strong><br><\/strong><\/p>\n<p><strong>D\u00eda 08&nbsp;&nbsp;&nbsp;&nbsp;&nbsp;&nbsp;&nbsp;&nbsp;&nbsp;&nbsp;&nbsp;&nbsp; Varanasi<\/strong><\/p>\n<p>Temprano por la ma\u00f1ana, llegaremos en los Ghats de Varanasi, conocida como Benar\u00e9s, es una de las ciudades m\u00e1s religiosas del India, Al llegar a ghats, vamos a hacer paseo por barco en rio Ganges, podremos apreciar el amanecer en los &#8220;ghats&#8221; (bancos) junto al Ganges como el <strong>GhatAssi<\/strong>, el Ghat de Dsaswamedh, el Ghat de HarishChandra, el Ghat de Manikarnika (donde tienen lugar las incineraciones), y el Ghat de Tulsi. Caminaremos por sus&nbsp; concurridas calles llenas de&nbsp; gente en la ciudad vieja y junto al r\u00edo Ganges, veremos&nbsp; los sadhus (hombres religiosos), vacas sagradas y templos sagrados a lo largo de toda la ciudad. Desde all\u00ed haremos un city tour. Conoceremos algunos templos importantes Del Varanasi y Tambi\u00e9n visitaremos la antigua <strong>Universidad de Hindu<\/strong>, el mayor complejo residencial universitario de la India con 3000 estudiantes. Regresaremos al hotel para desayuno.<\/p>\n<p>Luego excursi\u00f3n a&nbsp; <strong>Sarnath<\/strong>la ciudad sagrada del budismo m\u00e1s importante del mundo. All\u00ed fue donde Buda dio su primer serm\u00f3n a sus primeros 5 disc\u00edpulos y El templo de Kashivishwa Nathan.&nbsp;<span style=\"font-style: inherit; font-weight: inherit; letter-spacing: -0.1px;\">Resto del dia libre. Alojamiento en hotel.<\/span><\/p>\n<p><strong>&nbsp;<\/strong><\/p>\n<p><strong>D\u00eda 09&nbsp;&nbsp;&nbsp;&nbsp;&nbsp;&nbsp;&nbsp;&nbsp;&nbsp;&nbsp;&nbsp;&nbsp; Varanasi \u2013Delhi (Por el vuelo) \u2013 Proximo destino<\/strong><\/p>\n<p>Desayuno. Traslado al aeropuerto para salir en vuelo a aeropuerto de Varanasi para coger el vuelo a Delhi para su vuelo conectado a su destino pr\u00f3ximo.<\/p>\n<p><strong>&nbsp;<\/strong><\/p>\n<p><strong>Salida a las 15:20 horas&nbsp;&nbsp;&nbsp;&nbsp; &nbsp;&nbsp;&nbsp;&nbsp;&nbsp;&nbsp;&nbsp;&nbsp;&nbsp;&nbsp;&nbsp; Llegada a las 16:35 horas.<\/strong><\/p>\n<p>Al llegar directamente traslado al aeropuerto Internacional de Nueva Delhi&nbsp; para salir en vuelo regreso feliz a su casa.<\/p>\n<p><\/p>\n<p>&nbsp; &nbsp; &nbsp; &nbsp; &nbsp; &nbsp; &nbsp; &nbsp; &nbsp; &nbsp; &nbsp; &nbsp; &nbsp; &nbsp; &nbsp; &nbsp; &nbsp; &nbsp; &nbsp; &nbsp; &nbsp; &nbsp; &nbsp; &nbsp; &nbsp; &nbsp; &nbsp; &nbsp; &nbsp; &nbsp; &nbsp; &nbsp; &nbsp; &nbsp; &nbsp; &nbsp; &nbsp; &nbsp; &nbsp; &nbsp; &nbsp; &nbsp;<\/p>\n<p><br><\/p>\n<p>&nbsp; &nbsp; &nbsp; &nbsp; &nbsp; &nbsp; &nbsp; &nbsp; &nbsp; &nbsp; &nbsp; &nbsp; &nbsp; &nbsp; &nbsp; &nbsp; &nbsp; &nbsp; &nbsp; &nbsp; &nbsp; &nbsp; &nbsp; &nbsp; &nbsp; &nbsp; &nbsp; &nbsp; &nbsp; &nbsp; &nbsp; &nbsp; &nbsp; &nbsp; &nbsp; &nbsp; &nbsp; &nbsp; &nbsp; &nbsp; &nbsp; &nbsp; &nbsp; &nbsp; &nbsp; &nbsp; &nbsp; &nbsp; &nbsp; &nbsp; &nbsp; &nbsp; &nbsp; &nbsp; &nbsp; &nbsp; &nbsp; &nbsp; &nbsp; &nbsp; &nbsp; &nbsp; &nbsp; &nbsp; &nbsp; &nbsp; &nbsp; &nbsp; &nbsp; &nbsp; &nbsp; &nbsp;&nbsp;<b>TERNINEN CON NUESTRO SEVICIOS<\/b><\/p>\n<p><br><\/p>\t\t\t\t\t\t\t\t<\/div>\n\t\t\t\t<\/div>\n\t\t\t\t\t<\/div>\n\t\t\t\t<\/div>\n\t\t\t\t<\/div>","protected":false},"excerpt":{"rendered":"<p>Sagrada Varanasi \/ Kashi \/ Benaras con Triangulo de Dorado08 Noches \/ 09 Dias Los Precios y Horario sujeto de [&hellip;]<\/p>","protected":false},"author":1,"featured_media":0,"parent":0,"menu_order":0,"comment_status":"closed","ping_status":"closed","template":"","meta":{"site-sidebar-layout":"no-sidebar","site-content-layout":"","ast-site-content-layout":"full-width-container","site-content-style":"default","site-sidebar-style":"default","ast-global-header-display":"","ast-banner-title-visibility":"","ast-main-header-display":"","ast-hfb-above-header-display":"","ast-hfb-below-header-display":"","ast-hfb-mobile-header-display":"","site-post-title":"disabled","ast-breadcrumbs-content":"","ast-featured-img":"","footer-sml-layout":"","ast-disable-related-posts":"","theme-transparent-header-meta":"","adv-header-id-meta":"","stick-header-meta":"","header-above-stick-meta":"","header-main-stick-meta":"","header-below-stick-meta":"","astra-migrate-meta-layouts":"default","ast-page-background-enabled":"default","ast-page-background-meta":{"desktop":{"background-color":"var(--ast-global-color-5)","background-image":"","background-repeat":"repeat","background-position":"center center","background-size":"auto","background-attachment":"scroll","background-type":"","background-media":"","overlay-type":"","overlay-color":"","overlay-opacity":"","overlay-gradient":""},"tablet":{"background-color":"","background-image":"","background-repeat":"repeat","background-position":"center center","background-size":"auto","background-attachment":"scroll","background-type":"","background-media":"","overlay-type":"","overlay-color":"","overlay-opacity":"","overlay-gradient":""},"mobile":{"background-color":"","background-image":"","background-repeat":"repeat","background-position":"center center","background-size":"auto","background-attachment":"scroll","background-type":"","background-media":"","overlay-type":"","overlay-color":"","overlay-opacity":"","overlay-gradient":""}},"ast-content-background-meta":{"desktop":{"background-color":"var(--ast-global-color-4)","background-image":"","background-repeat":"repeat","background-position":"center center","background-size":"auto","background-attachment":"scroll","background-type":"","background-media":"","overlay-type":"","overlay-color":"","overlay-opacity":"","overlay-gradient":""},"tablet":{"background-color":"var(--ast-global-color-4)","background-image":"","background-repeat":"repeat","background-position":"center center","background-size":"auto","background-attachment":"scroll","background-type":"","background-media":"","overlay-type":"","overlay-color":"","overlay-opacity":"","overlay-gradient":""},"mobile":{"background-color":"var(--ast-global-color-4)","background-image":"","background-repeat":"repeat","background-position":"center center","background-size":"auto","background-attachment":"scroll","background-type":"","background-media":"","overlay-type":"","overlay-color":"","overlay-opacity":"","overlay-gradient":""}},"footnotes":""},"class_list":["post-462","page","type-page","status-publish","hentry"],"_links":{"self":[{"href":"https:\/\/viajesaindia.in\/pt\/wp-json\/wp\/v2\/pages\/462","targetHints":{"allow":["GET"]}}],"collection":[{"href":"https:\/\/viajesaindia.in\/pt\/wp-json\/wp\/v2\/pages"}],"about":[{"href":"https:\/\/viajesaindia.in\/pt\/wp-json\/wp\/v2\/types\/page"}],"author":[{"embeddable":true,"href":"https:\/\/viajesaindia.in\/pt\/wp-json\/wp\/v2\/users\/1"}],"replies":[{"embeddable":true,"href":"https:\/\/viajesaindia.in\/pt\/wp-json\/wp\/v2\/comments?post=462"}],"version-history":[{"count":16,"href":"https:\/\/viajesaindia.in\/pt\/wp-json\/wp\/v2\/pages\/462\/revisions"}],"predecessor-version":[{"id":1103,"href":"https:\/\/viajesaindia.in\/pt\/wp-json\/wp\/v2\/pages\/462\/revisions\/1103"}],"wp:attachment":[{"href":"https:\/\/viajesaindia.in\/pt\/wp-json\/wp\/v2\/media?parent=462"}],"curies":[{"name":"wp","href":"https:\/\/api.w.org\/{rel}","templated":true}]}}