{"id":603,"date":"2025-04-06T10:24:25","date_gmt":"2025-04-06T10:24:25","guid":{"rendered":"https:\/\/viajesaindia.in\/?page_id=603"},"modified":"2026-01-18T07:33:27","modified_gmt":"2026-01-18T07:33:27","slug":"el-viaje-a-cashmira-y-leh-ladakh-norte-india-en-verano","status":"publish","type":"page","link":"https:\/\/viajesaindia.in\/ar\/el-viaje-a-cashmira-y-leh-ladakh-norte-india-en-verano\/","title":{"rendered":"EL VIAJE A CASHMIRA Y LEH LADAKH NORTE INDIA EN VERANO"},"content":{"rendered":"<div data-elementor-type=\"wp-page\" data-elementor-id=\"603\" class=\"elementor elementor-603\" data-elementor-post-type=\"page\">\n\t\t\t\t<div class=\"elementor-element elementor-element-47d252e e-flex e-con-boxed e-con e-parent\" data-id=\"47d252e\" data-element_type=\"container\" data-e-type=\"container\">\n\t\t\t\t\t<div class=\"e-con-inner\">\n\t\t\t\t<div class=\"elementor-element elementor-element-91a0358 elementor-widget elementor-widget-image\" data-id=\"91a0358\" data-element_type=\"widget\" data-e-type=\"widget\" data-widget_type=\"image.default\">\n\t\t\t\t<div class=\"elementor-widget-container\">\n\t\t\t\t\t\t\t\t\t\t\t\t\t\t\t<img fetchpriority=\"high\" decoding=\"async\" width=\"1024\" height=\"768\" src=\"https:\/\/viajesaindia.in\/wp-content\/uploads\/2025\/04\/IMG_20190713_103730-1024x768.jpg\" class=\"attachment-large size-large wp-image-394\" alt=\"\" srcset=\"https:\/\/viajesaindia.in\/wp-content\/uploads\/2025\/04\/IMG_20190713_103730-1024x768.jpg 1024w, https:\/\/viajesaindia.in\/wp-content\/uploads\/2025\/04\/IMG_20190713_103730-300x225.jpg 300w, https:\/\/viajesaindia.in\/wp-content\/uploads\/2025\/04\/IMG_20190713_103730-768x576.jpg 768w, https:\/\/viajesaindia.in\/wp-content\/uploads\/2025\/04\/IMG_20190713_103730-1536x1152.jpg 1536w, https:\/\/viajesaindia.in\/wp-content\/uploads\/2025\/04\/IMG_20190713_103730-2048x1536.jpg 2048w\" sizes=\"(max-width: 1024px) 100vw, 1024px\" \/>\t\t\t\t\t\t\t\t\t\t\t\t\t\t\t<\/div>\n\t\t\t\t<\/div>\n\t\t\t\t\t<\/div>\n\t\t\t\t<\/div>\n\t\t<div class=\"elementor-element elementor-element-1b34b97 e-flex e-con-boxed e-con e-parent\" data-id=\"1b34b97\" data-element_type=\"container\" data-e-type=\"container\">\n\t\t\t\t\t<div class=\"e-con-inner\">\n\t\t\t\t<div class=\"elementor-element elementor-element-bbd5fb6 elementor-widget elementor-widget-heading\" data-id=\"bbd5fb6\" data-element_type=\"widget\" data-e-type=\"widget\" data-widget_type=\"heading.default\">\n\t\t\t\t<div class=\"elementor-widget-container\">\n\t\t\t\t\t<h2 class=\"elementor-heading-title elementor-size-default\">Viaje a cashmira y leh ladakh norte india en verano<br>13 Noches \/ 14 Dias<br>Visitando: Delhi \/ Srinagar \/ Kargil \/ Leh \/ Nubra Valley \/ Leh \/ Pengong\nLake \/ Leh \/ Tsomoriri Lake \/ Tsokar Lake \/ Leh \/ Delhi. <\/h2>\t\t\t\t<\/div>\n\t\t\t\t<\/div>\n\t\t\t\t\t<\/div>\n\t\t\t\t<\/div>\n\t\t<div class=\"elementor-element elementor-element-bf3a0d9 e-flex e-con-boxed e-con e-parent\" data-id=\"bf3a0d9\" data-element_type=\"container\" data-e-type=\"container\">\n\t\t\t\t\t<div class=\"e-con-inner\">\n\t\t\t\t<div class=\"elementor-element elementor-element-b4200a5 elementor-widget elementor-widget-text-editor\" data-id=\"b4200a5\" data-element_type=\"widget\" data-e-type=\"widget\" data-widget_type=\"text-editor.default\">\n\t\t\t\t<div class=\"elementor-widget-container\">\n\t\t\t\t\t\t\t\t\t<p style=\"font-size: 16px; font-style: normal; font-weight: 300; margin-bottom: 0px; color: #010a0e;\"><span style=\"font-weight: bold;\">Los Precios y Horario sujeto de Cambio en Horas de Confirmacion y los Precio no valido solo para las fechas de festivos y noche buena y noche vieaja .<\/span><\/p>\n<p style=\"font-size: 16px; font-style: normal; font-weight: 300; margin-bottom: 0px; color: #010a0e;\"><span style=\"font-weight: bold;\">Precio base en Dolares Americanos USD puden cambiar Internacional Bank Rates.<\/span><\/p>\n<p style=\"font-size: 16px; font-style: normal; font-weight: 300; margin-bottom: 0px; color: #010a0e;\"><span style=\"font-weight: bold;\">Precio USD &#8230;.. Por personas en base de los hoteles 5*<\/span><\/p>\n<p style=\"font-size: 16px; font-style: normal; font-weight: 300; margin-bottom: 0px; color: #010a0e;\"><span style=\"font-weight: bold;\"><u><span lang=\"EN-IN\" style=\"font-size: 10pt; line-height: 14.2667px; font-family: Verdana, 'sans-serif';\">Inclusion: &#8211;<\/span><\/u><\/span><\/p>\n<ul style=\"font-size: 16px; font-style: normal; font-weight: 300; margin-top: 0in; color: #010a0e;\" type=\"disc\">\n<li style=\"font-size: 16px; margin-bottom: 0.0001pt; color: black; text-align: justify; line-height: normal;\"><span lang=\"ES\" style=\"font-size: 10pt; font-family: Verdana, 'sans-serif';\">Total 13 noches de hotel 3* \/ 4* \/ y Campo<\/span><\/li>\n<li style=\"font-size: 16px; margin-bottom: 0.0001pt; color: black; text-align: justify; line-height: normal;\"><span lang=\"ES\" style=\"font-size: 10pt; font-family: Verdana, 'sans-serif';\">Alojamiento en habitaci\u00f3n&nbsp;doble \/ Twin con desayuno y Cena diario.<\/span><\/li>\n<li style=\"font-size: 16px; margin-bottom: 0.0001pt; color: black; text-align: justify; line-height: normal;\"><span lang=\"ES\" style=\"font-size: 10pt; font-family: Verdana, 'sans-serif';\">Paseo Por Rickshwa (Triceclera) en Mercado Vieja Delhi, Chandni Chowk<\/span><\/li>\n<li style=\"font-size: 16px; margin-bottom: 0.0001pt; color: black; text-align: justify; line-height: normal;\"><span lang=\"ES\" style=\"font-size: 10pt; font-family: Verdana, 'sans-serif';\">Sube a por Jeep en el fuerte de Amber, Jaipur.<\/span><\/li>\n<li style=\"font-size: 16px; margin-bottom: 0.0001pt; color: black; text-align: justify; line-height: normal;\"><span lang=\"ES\" style=\"font-size: 10pt; font-family: Verdana, 'sans-serif';\">Las Entradas de Monumentos<\/span><\/li><li style=\"font-size: 16px; margin-bottom: 0.0001pt; color: black; text-align: justify; line-height: normal;\"><span lang=\"ES\" style=\"font-size: 10pt; font-family: Verdana, 'sans-serif';\">Paseo en shikhara en el lago Dal.&nbsp;<\/span><\/li><li style=\"font-size: 16px; margin-bottom: 0.0001pt; color: black; text-align: justify; line-height: normal;\"><span lang=\"ES\" style=\"font-size: 10pt; font-family: Verdana, 'sans-serif';\">Paseo en camello en dunas Hunder, Nubra<\/span><\/li>\n<li style=\"font-size: 16px; margin-bottom: 0.0001pt; color: black; text-align: justify; line-height: normal;\"><span lang=\"ES\" style=\"font-size: 10pt; font-family: Verdana, 'sans-serif';\">Permiso a Inner Line<\/span><\/li>\n<li style=\"font-size: 16px; margin-bottom: 0.0001pt; text-align: justify; line-height: normal;\"><span lang=\"ES\" style=\"font-size: 10pt; font-family: Verdana, 'sans-serif';\">Traslados,&nbsp;visitas \/ excursiones seg\u00fan programa para Numero de&nbsp; pasajeros en un coche Medium \/ Micro Van \/ Autobus Mini de aire&nbsp;acondicionado.<\/span><\/li>\n<li style=\"font-size: 16px; margin-bottom: 0.0001pt; text-align: justify; line-height: normal;\"><span lang=\"ES\" style=\"font-style: inherit; font-weight: inherit; text-indent: -0.25in; font-size: 10pt; font-family: Verdana, 'sans-serif'; color: black;\">Gu\u00edas acompa\u00f1antes de habla&nbsp;Castellana para todas las visitas y excursiones seg\u00fan el itinerario.<\/span><\/li>\n<li style=\"font-size: 16px; margin-bottom: 0.0001pt; text-align: justify; line-height: normal;\"><span lang=\"ES\" style=\"font-style: inherit; font-weight: inherit; text-indent: -0.25in; font-size: 10pt; font-family: Verdana, 'sans-serif'; color: black;\">Asistencia espa\u00f1ol telef\u00f3nica&nbsp;24 horas \/ 7 d\u00edas durante el recorrido.<\/span><\/li>\n<li style=\"font-size: 16px; margin-bottom: 0.0001pt; color: black; text-align: justify; line-height: normal;\"><span lang=\"ES\" style=\"font-size: 10pt; font-family: Verdana, 'sans-serif';\">Impuestos locales&nbsp;aplicados en estos momentos.<\/span><\/li>\n<li style=\"font-size: 16px; margin-bottom: 0.0001pt; color: black; text-align: justify; line-height: normal;\"><span lang=\"ES\" style=\"font-size: 10pt; font-family: Verdana, 'sans-serif';\">El Impuesto de 5.00%.<\/span><\/li>\n<\/ul>\n<p style=\"font-size: 16px; font-style: normal; font-weight: 300; margin-bottom: 0px; color: #010a0e;\"><span style=\"font-weight: bold; font-style: inherit;\">Exclusion:-<\/span><span style=\"font-weight: bold; font-style: inherit; text-align: justify;\"><u><span lang=\"ES\" style=\"font-size: 10pt; line-height: 14.2667px; font-family: Verdana, 'sans-serif';\">&nbsp;<\/span><\/u><\/span><\/p>\n<ul style=\"font-size: 16px; font-style: normal; font-weight: 300; margin-top: 0in; color: #010a0e;\" type=\"disc\">\n<li style=\"font-size: 16px; margin-bottom: 0.0001pt; text-align: justify; line-height: normal;\"><span lang=\"ES\" style=\"font-size: 10pt; font-family: Verdana, 'sans-serif';\">Tarifa&nbsp;a\u00e9rea y tasas de aeropuerto.<\/span><\/li>\n<li style=\"font-size: 16px; margin-bottom: 0.0001pt; text-align: justify; line-height: normal;\"><span lang=\"ES\" style=\"font-size: 10pt; font-family: Verdana, 'sans-serif';\">Gastos&nbsp;personales como bebidas, propinas, visados, seguros, lavander\u00eda, as\u00ed como&nbsp;llamadas telef\u00f3nicas.<\/span><\/li>\n<li style=\"font-size: 16px; margin-bottom: 0.0001pt; text-align: justify; line-height: normal;\"><span lang=\"ES\" style=\"font-size: 10pt; font-family: Verdana, 'sans-serif';\">Billetes&nbsp;de vuelos nacional &amp; Internacional, visado.<\/span><\/li>\n<li style=\"font-size: 16px; margin-bottom: 0.0001pt; text-align: justify; line-height: normal;\"><span lang=\"ES\" style=\"font-style: inherit; font-weight: inherit; text-indent: -0.25in; text-align: start; font-size: 10pt; font-family: Verdana, 'sans-serif';\">Las Propinas durante del Viaje,&nbsp;<\/span><span lang=\"PT-BR\" style=\"font-style: inherit; font-weight: inherit; text-indent: -0.25in; text-align: start; font-size: 10pt; font-family: Verdana, 'sans-serif'; color: black;\">La propina tradicional para el gu\u00eda y \/ o conductor, a discreci\u00f3n de&nbsp;cada pasajero.<\/span><\/li>\n<li style=\"font-size: 16px; margin-bottom: 0.0001pt; text-align: justify; line-height: normal;\"><span lang=\"PT-BR\" style=\"font-style: inherit; font-weight: inherit; text-indent: -0.25in; text-align: start; font-size: 10pt; font-family: Verdana, 'sans-serif'; color: black;\">Tarifas&nbsp;de pasaporte y visa para India.<\/span><\/li>\n<li style=\"font-size: 16px; margin-bottom: 0.0001pt; text-align: justify; line-height: normal;\"><span lang=\"PT-BR\" style=\"font-style: inherit; font-weight: inherit; text-indent: -0.25in; text-align: start; font-size: 10pt; font-family: Verdana, 'sans-serif'; color: black;\">Excursiones&nbsp;opcionales.<\/span><\/li>\n<li style=\"font-size: 16px; margin-bottom: 0.0001pt; text-align: justify; line-height: normal;\"><span lang=\"PT-BR\" style=\"font-style: inherit; font-weight: inherit; text-indent: -0.25in; text-align: start; font-size: 10pt; font-family: Verdana, 'sans-serif'; color: black;\">Comidas&nbsp;no mencionadas como incluidas.<\/span><\/li>\n<li style=\"font-size: 16px; margin-bottom: 0.0001pt; text-align: justify; line-height: normal;\"><span lang=\"PT-BR\" style=\"font-style: inherit; font-weight: inherit; text-indent: -0.25in; text-align: start; font-size: 10pt; font-family: Verdana, 'sans-serif'; color: black;\">Hora de&nbsp;llegada anticipada (check-in temprano).<\/span><\/li>\n<li style=\"font-size: 16px; margin-bottom: 0.0001pt; text-align: justify; line-height: normal;\"><span lang=\"PT-BR\" style=\"font-style: inherit; font-weight: inherit; text-indent: -0.25in; text-align: start; font-size: 10pt; font-family: Verdana, 'sans-serif'; color: black;\">Extensi\u00f3n&nbsp;del horario de salida (salida tard\u00eda).<\/span><\/li>\n<\/ul>\t\t\t\t\t\t\t\t<\/div>\n\t\t\t\t<\/div>\n\t\t\t\t\t<\/div>\n\t\t\t\t<\/div>\n\t\t<div class=\"elementor-element elementor-element-988aa06 e-flex e-con-boxed e-con e-parent\" data-id=\"988aa06\" data-element_type=\"container\" data-e-type=\"container\">\n\t\t\t\t\t<div class=\"e-con-inner\">\n\t\t\t\t<div class=\"elementor-element elementor-element-94a194b elementor-widget elementor-widget-text-editor\" data-id=\"94a194b\" data-element_type=\"widget\" data-e-type=\"widget\" data-widget_type=\"text-editor.default\">\n\t\t\t\t<div class=\"elementor-widget-container\">\n\t\t\t\t\t\t\t\t\t<p><b>D\u00eda 01 Lugar de Origen \u2013 Delhi (Por el vuelo)<\/b>\u00a0<\/p><p>Al llegar al aeropuerto de Nueva Delhi, recepci\u00f3n y Despu\u00e9s de bienvenida tradicional traslado al hotel. Alojamiento en hotel.\u00a0<\/p><p><span style=\"font-style: inherit; letter-spacing: -0.8px;\"><b>D\u00eda 02 Delhi -Srinagar (Por el vuelo)<\/b><\/span><\/p><p><span style=\"font-style: inherit; font-weight: inherit; letter-spacing: -0.8px;\"> Desayuno. Por la ma\u00f1ana traslado al aeropuerto de para salir en vuelo a Srinagar. En Vuleo: SG 130 Salida a las 11:20 hors llegada a las 12:45 horas Al llegar en aeropuerto de Srinagar traslado al hotel.\u00a0<\/span><\/p><p><span style=\"font-style: inherit; font-weight: inherit; letter-spacing: -0.8px;\">Visitas: Pari Mahal Y Chasme Shahi.\u00a0<\/span><\/p><p><b>D\u00eda 03 Srinagar<\/b>\u00a0<\/p><p>Desayuno. Dia Completa visitas a Haztarbal Universidas, El Jardin de Shalimar, El Jardin de Nishal. Por la tarde Paseo en Shigara en Lago Dal. Alojamiento en hotel.\u00a0<\/p><p><b>D\u00eda 04 Srinagar \u2013 Sonmarg \u2013 Drass &#8211; Kargil (225 KM \/ 06 HORAS)\u00a0<\/b><\/p><p>Desayuno. Traslado por carretera hacia Kargil, enruta visitaremos sonmarg y Drass war Memorial. Al llegar traslado al hotel. Alojamiento en hotel.\u00a0<\/p><p><b>D\u00eda 05 Kargil &#8211; Leh (220 KM \/ 06 HORAS)\u00a0<\/b><\/p><p>Desayuno. Traslado por carretera hacia Leh, enruta el monestario de Lamayuru siglo (956- 1041 CE), El monestario de Alchi siglo (1050-1080), Sangam y Colina Megnatica. Alojamiento en hotel.\u00a0<\/p><p><b>D\u00eda 06 Leh (Hemis Festival Opcional)\u00a0<\/b><\/p><p>Desayuno. Dia Compleata Libre. (Opcional danza mascara sera 30 de junio hasta 01 de julio).\u00a0<\/p><p><b>D\u00eda 07 Leh<\/b><\/p><p>Desayuno. Dia Completa visita a El monestario de Shey (el palacio de siglo 16), el monestario de Thicksey (el siglo 11). Por la tarde visitaremos Shanti Stupa, Shankar Gompa, Leh Palace y el museo de Central Asia. Ajojamiento en hotel.\u00a0<\/p><p><b style=\"font-style: inherit; letter-spacing: -0.8px;\">D\u00eda 08 Leh \u2013 Khardungla Pass (5359 metro altitude) Nubra Valley (160 KM \/ 05 horas)\u00a0<\/b><\/p><p>Desayuno. Traslado por carretera hacia Nubra via Khardungla Paso. Enruta visitaremos el Monestario de Diskit (el siglo 14) y Estatua de Buddha 35 metro alta. Continuacion al hotel a Hunder. Alojamiento en campo.\u00a0<\/p><p><span style=\"font-style: inherit; letter-spacing: -0.8px;\"><b>D\u00eda 09 Hunder \u2013 Somur \u2013 Pimakin \u2013 Ense \u2013 Hunder. (160 KM \/ 05 horas ida y vuelta)<\/b><\/span><\/p><p>Desayuno. Dia completa excursion el Monestario de Somur (172 anos antes), El monestrario de Ense (250 ano antes). Regresaremos al hotel. Opcional paseo en dunas de arena Hunder (Camello de mogolion con dos Jorova). Alojamiento en hotel.\u00a0<\/p><p><span style=\"font-style: inherit; letter-spacing: -0.8px;\"><b>D\u00eda 10 Hunder &#8211; Khardungla Pass (5359 metro altitude) Leh (160 KM \/ 05 horas)<\/b><\/span><span style=\"font-style: inherit; font-weight: inherit; letter-spacing: -0.8px;\">\u00a0<\/span><\/p><p><span style=\"font-style: inherit; font-weight: inherit; letter-spacing: -0.8px;\">Desayuno. Regresaremos al Leh via Khardungla Paso. Alojamiento en hotel.\u00a0<\/span><\/p><p><b>D\u00eda 11 Leh \u2013 el Lago Pengong via Changla Paso (5360 metros) \u2013 Leh (160 KM ida)<\/b><\/p><p>Manana temparano approx. a las 06 salimos del hotel al Lago de Pengong. (230 KM LARGO 7 KM ANCHO Y 100 METRO PROFNDIDAD \/ 30% EN INDIA y 70% EN CHINA). Regresaremos al hotel. Alojamiento en hotel.<\/p><p><span style=\"font-style: inherit; letter-spacing: -0.8px;\"><b>D\u00eda 12 Leh \u2013 el Lago Tsomoriri \u2013 Karzuk (160 KM \/ 06 Horas)\u00a0<\/b><\/span><\/p><p><span style=\"font-style: inherit; font-weight: inherit; letter-spacing: -0.8px;\">Desayuno. Traslado por carretera hacia el lago de Tsomoriri. Al llegar traslado al hotel. Durante decamino tendriamos opurtunidad a ver la visa de nomadas. Dia tarde daremos vuela en pequeno pueblo de Karzok. Noche en hotel.\u00a0<\/span><\/p><p><b style=\"font-style: inherit; letter-spacing: -0.8px;\">D\u00eda 13 Karzuk (El lago Tsomoriri) \u2013el lago Tsokar &#8211; Leh (160 KM \/ 06 Horas)\u00a0<\/b><\/p><p>Desayuno. Por la manana traslado por carretera hacia Leh via el lago de Tsokar. Al llegar traslado al hotel.\u00a0<\/p><p><b style=\"font-style: inherit; letter-spacing: -0.8px;\">D\u00eda 14 Leh -Delhi (Por el vuelo) &#8211; Agra (210 KM \/ 04 horas)\u00a0<\/b><\/p><p>Desayuno. Traslado al aeropuerto de Leh para salir en vuelo a Delhi. Al llegar traslado Por carretera a Agra. Alojamiento en hotel.\u00a0<\/p><p><b style=\"font-style: inherit; letter-spacing: -0.8px;\">D\u00eda 15 Delhi \u2013 Proximo destino\u00a0<\/b><\/p><p>Desayuno. Por la manana la visita a Mundial famoso Taj Mahal. Luego\u00a0<span style=\"font-style: inherit; font-weight: inherit; letter-spacing: -0.8px;\">\u00a0traslado al aeropuerto T3 para salir en vuelo a sus destino proximo.<\/span><\/p><p><span style=\"font-style: inherit; font-weight: inherit; letter-spacing: -0.8px;\">\u00a0 \u00a0 \u00a0 \u00a0 \u00a0 \u00a0 \u00a0 \u00a0 \u00a0 \u00a0 \u00a0 \u00a0 \u00a0 \u00a0 \u00a0 \u00a0 \u00a0 \u00a0 \u00a0 \u00a0 \u00a0 \u00a0 \u00a0 \u00a0 \u00a0 \u00a0 \u00a0 \u00a0 \u00a0 \u00a0 \u00a0 \u00a0 \u00a0 \u00a0 \u00a0 \u00a0 \u00a0 \u00a0 \u00a0 \u00a0 \u00a0 \u00a0 \u00a0 \u00a0 \u00a0<\/span><\/p><p><span style=\"font-style: inherit; font-weight: inherit; letter-spacing: -0.8px;\">\u00a0 \u00a0 \u00a0 \u00a0 \u00a0 \u00a0 \u00a0 \u00a0 \u00a0 \u00a0 \u00a0 \u00a0 \u00a0 \u00a0 \u00a0 \u00a0 \u00a0 \u00a0 \u00a0 \u00a0 \u00a0 \u00a0 \u00a0 \u00a0 \u00a0 \u00a0 \u00a0 \u00a0 \u00a0 \u00a0 \u00a0 \u00a0 \u00a0 \u00a0 \u00a0 \u00a0 \u00a0 \u00a0 \u00a0 \u00a0 \u00a0 \u00a0 \u00a0 \u00a0 \u00a0 \u00a0 \u00a0 \u00a0 \u00a0 \u00a0<\/span><span style=\"font-style: inherit; letter-spacing: -0.8px;\"><b> TERMINOS DE NUESTROS SERVICIOS<\/b><\/span><\/p>\t\t\t\t\t\t\t\t<\/div>\n\t\t\t\t<\/div>\n\t\t\t\t\t<\/div>\n\t\t\t\t<\/div>\n\t\t\t\t<\/div>","protected":false},"excerpt":{"rendered":"<p>Viaje a cashmira y leh ladakh norte india en verano13 Noches \/ 14 DiasVisitando: Delhi \/ Srinagar \/ Kargil \/ [&hellip;]<\/p>","protected":false},"author":1,"featured_media":0,"parent":0,"menu_order":0,"comment_status":"closed","ping_status":"closed","template":"","meta":{"site-sidebar-layout":"no-sidebar","site-content-layout":"","ast-site-content-layout":"full-width-container","site-content-style":"default","site-sidebar-style":"default","ast-global-header-display":"","ast-banner-title-visibility":"","ast-main-header-display":"","ast-hfb-above-header-display":"","ast-hfb-below-header-display":"","ast-hfb-mobile-header-display":"","site-post-title":"disabled","ast-breadcrumbs-content":"","ast-featured-img":"disabled","footer-sml-layout":"","ast-disable-related-posts":"","theme-transparent-header-meta":"","adv-header-id-meta":"","stick-header-meta":"","header-above-stick-meta":"","header-main-stick-meta":"","header-below-stick-meta":"","astra-migrate-meta-layouts":"default","ast-page-background-enabled":"default","ast-page-background-meta":{"desktop":{"background-color":"var(--ast-global-color-5)","background-image":"","background-repeat":"repeat","background-position":"center center","background-size":"auto","background-attachment":"scroll","background-type":"","background-media":"","overlay-type":"","overlay-color":"","overlay-opacity":"","overlay-gradient":""},"tablet":{"background-color":"","background-image":"","background-repeat":"repeat","background-position":"center center","background-size":"auto","background-attachment":"scroll","background-type":"","background-media":"","overlay-type":"","overlay-color":"","overlay-opacity":"","overlay-gradient":""},"mobile":{"background-color":"","background-image":"","background-repeat":"repeat","background-position":"center center","background-size":"auto","background-attachment":"scroll","background-type":"","background-media":"","overlay-type":"","overlay-color":"","overlay-opacity":"","overlay-gradient":""}},"ast-content-background-meta":{"desktop":{"background-color":"var(--ast-global-color-4)","background-image":"","background-repeat":"repeat","background-position":"center center","background-size":"auto","background-attachment":"scroll","background-type":"","background-media":"","overlay-type":"","overlay-color":"","overlay-opacity":"","overlay-gradient":""},"tablet":{"background-color":"var(--ast-global-color-4)","background-image":"","background-repeat":"repeat","background-position":"center center","background-size":"auto","background-attachment":"scroll","background-type":"","background-media":"","overlay-type":"","overlay-color":"","overlay-opacity":"","overlay-gradient":""},"mobile":{"background-color":"var(--ast-global-color-4)","background-image":"","background-repeat":"repeat","background-position":"center center","background-size":"auto","background-attachment":"scroll","background-type":"","background-media":"","overlay-type":"","overlay-color":"","overlay-opacity":"","overlay-gradient":""}},"footnotes":""},"class_list":["post-603","page","type-page","status-publish","hentry"],"_links":{"self":[{"href":"https:\/\/viajesaindia.in\/ar\/wp-json\/wp\/v2\/pages\/603","targetHints":{"allow":["GET"]}}],"collection":[{"href":"https:\/\/viajesaindia.in\/ar\/wp-json\/wp\/v2\/pages"}],"about":[{"href":"https:\/\/viajesaindia.in\/ar\/wp-json\/wp\/v2\/types\/page"}],"author":[{"embeddable":true,"href":"https:\/\/viajesaindia.in\/ar\/wp-json\/wp\/v2\/users\/1"}],"replies":[{"embeddable":true,"href":"https:\/\/viajesaindia.in\/ar\/wp-json\/wp\/v2\/comments?post=603"}],"version-history":[{"count":22,"href":"https:\/\/viajesaindia.in\/ar\/wp-json\/wp\/v2\/pages\/603\/revisions"}],"predecessor-version":[{"id":1093,"href":"https:\/\/viajesaindia.in\/ar\/wp-json\/wp\/v2\/pages\/603\/revisions\/1093"}],"wp:attachment":[{"href":"https:\/\/viajesaindia.in\/ar\/wp-json\/wp\/v2\/media?parent=603"}],"curies":[{"name":"wp","href":"https:\/\/api.w.org\/{rel}","templated":true}]}}