{"id":105,"date":"2025-04-04T11:41:50","date_gmt":"2025-04-04T11:41:50","guid":{"rendered":"https:\/\/viajesaindia.in\/?page_id=105"},"modified":"2025-04-17T03:36:47","modified_gmt":"2025-04-17T03:36:47","slug":"about-us","status":"publish","type":"page","link":"https:\/\/viajesaindia.in\/ar\/about-us\/","title":{"rendered":"About Us"},"content":{"rendered":"<div data-elementor-type=\"wp-page\" data-elementor-id=\"105\" class=\"elementor elementor-105\" data-elementor-post-type=\"page\">\n\t\t\t\t<div class=\"elementor-element elementor-element-a6d56c0 e-flex e-con-boxed e-con e-parent\" data-id=\"a6d56c0\" data-element_type=\"container\" data-e-type=\"container\">\n\t\t\t\t\t<div class=\"e-con-inner\">\n\t\t\t\t<div class=\"elementor-element elementor-element-b6eda1d elementor-widget elementor-widget-image\" data-id=\"b6eda1d\" data-element_type=\"widget\" data-e-type=\"widget\" data-widget_type=\"image.default\">\n\t\t\t\t<div class=\"elementor-widget-container\">\n\t\t\t\t\t\t\t\t\t\t\t\t\t\t\t<img fetchpriority=\"high\" decoding=\"async\" width=\"768\" height=\"136\" src=\"https:\/\/viajesaindia.in\/wp-content\/uploads\/2025\/04\/3-1-768x136.jpg\" class=\"attachment-medium_large size-medium_large wp-image-710\" alt=\"\" srcset=\"https:\/\/viajesaindia.in\/wp-content\/uploads\/2025\/04\/3-1-768x136.jpg 768w, https:\/\/viajesaindia.in\/wp-content\/uploads\/2025\/04\/3-1-300x53.jpg 300w, https:\/\/viajesaindia.in\/wp-content\/uploads\/2025\/04\/3-1-1024x181.jpg 1024w, https:\/\/viajesaindia.in\/wp-content\/uploads\/2025\/04\/3-1-1536x271.jpg 1536w, https:\/\/viajesaindia.in\/wp-content\/uploads\/2025\/04\/3-1.jpg 1700w\" sizes=\"(max-width: 768px) 100vw, 768px\" \/>\t\t\t\t\t\t\t\t\t\t\t\t\t\t\t<\/div>\n\t\t\t\t<\/div>\n\t\t\t\t\t<\/div>\n\t\t\t\t<\/div>\n\t\t<div class=\"elementor-element elementor-element-255f321 e-flex e-con-boxed e-con e-parent\" data-id=\"255f321\" data-element_type=\"container\" data-e-type=\"container\" data-settings=\"{&quot;background_background&quot;:&quot;classic&quot;}\">\n\t\t\t\t\t<div class=\"e-con-inner\">\n\t\t<div class=\"elementor-element elementor-element-dadd7f6 e-con-full e-flex e-con e-child\" data-id=\"dadd7f6\" data-element_type=\"container\" data-e-type=\"container\">\n\t\t\t\t<div class=\"elementor-element elementor-element-5292a9b elementor-widget elementor-widget-image\" data-id=\"5292a9b\" data-element_type=\"widget\" data-e-type=\"widget\" data-widget_type=\"image.default\">\n\t\t\t\t<div class=\"elementor-widget-container\">\n\t\t\t\t\t\t\t\t\t\t\t\t\t\t\t<img decoding=\"async\" width=\"1024\" height=\"1024\" src=\"https:\/\/viajesaindia.in\/wp-content\/uploads\/2025\/04\/about-us-1024x1024.jpg\" class=\"attachment-large size-large wp-image-581\" alt=\"\" srcset=\"https:\/\/viajesaindia.in\/wp-content\/uploads\/2025\/04\/about-us-1024x1024.jpg 1024w, https:\/\/viajesaindia.in\/wp-content\/uploads\/2025\/04\/about-us-300x300.jpg 300w, https:\/\/viajesaindia.in\/wp-content\/uploads\/2025\/04\/about-us-150x150.jpg 150w, https:\/\/viajesaindia.in\/wp-content\/uploads\/2025\/04\/about-us-768x768.jpg 768w, https:\/\/viajesaindia.in\/wp-content\/uploads\/2025\/04\/about-us.jpg 1080w\" sizes=\"(max-width: 1024px) 100vw, 1024px\" \/>\t\t\t\t\t\t\t\t\t\t\t\t\t\t\t<\/div>\n\t\t\t\t<\/div>\n\t\t\t\t<\/div>\n\t\t<div class=\"elementor-element elementor-element-a042367 e-con-full e-flex e-con e-child\" data-id=\"a042367\" data-element_type=\"container\" data-e-type=\"container\">\n\t\t\t\t<div class=\"elementor-element elementor-element-45255ed elementor-widget elementor-widget-text-editor\" data-id=\"45255ed\" data-element_type=\"widget\" data-e-type=\"widget\" data-widget_type=\"text-editor.default\">\n\t\t\t\t<div class=\"elementor-widget-container\">\n\t\t\t\t\t\t\t\t\t<p><b>Sobre nosotros<\/b><\/p>\n<p><span style=\"font-style: inherit; font-weight: inherit;\">Es imposible ver, y mucho menos comprender y apreciar, la India y su gente en tan solo una o dos visitas. Desde las monta\u00f1as hasta las estepas, de norte a sur, culturas muy distintas han evolucionado y a\u00fan prosperan en toda la India, posiblemente el pa\u00eds con mayor diversidad cultural del mundo. La complejidad de sus or\u00edgenes, conquistas y derrotas, tanto antiguas como recientes, es tal que no existe una visi\u00f3n completa de la historia de la India y su gente.<\/span><\/p>\n<p>Quienes han viajado en trenes de lujo, recorrido Agra y Jaipur, y visitado el Tri\u00e1ngulo de Oro est\u00e1n listos para ir m\u00e1s all\u00e1 de los l\u00edmites de las ciudades y los estrechos l\u00edmites de las v\u00edas del tren. Conocer realmente la India es recorrer sus carreteras secundarias, compartiendo tazas de t\u00e9 y vasos de vodka, y conociendo a la gente local en su d\u00eda a d\u00eda.&nbsp;<span style=\"font-style: inherit; font-weight: inherit;\">Tras numerosas expediciones y excursiones privadas, y horas de investigaci\u00f3n y entrevistas, queremos compartir algunas oportunidades de viaje realmente especiales. La mayor\u00eda de estas no son tours est\u00e1ndar. No los encontrar\u00e1 en el expositor de folletos de su agencia de viajes local, aunque con gusto colaboramos con su&nbsp;<\/span><\/p>\t\t\t\t\t\t\t\t<\/div>\n\t\t\t\t<\/div>\n\t\t\t\t<\/div>\n\t\t\t\t\t<\/div>\n\t\t\t\t<\/div>\n\t\t<div class=\"elementor-element elementor-element-233ccaa e-flex e-con-boxed e-con e-parent\" data-id=\"233ccaa\" data-element_type=\"container\" data-e-type=\"container\">\n\t\t\t\t\t<div class=\"e-con-inner\">\n\t\t\t\t<div class=\"elementor-element elementor-element-cedc688 elementor-widget elementor-widget-text-editor\" data-id=\"cedc688\" data-element_type=\"widget\" data-e-type=\"widget\" data-widget_type=\"text-editor.default\">\n\t\t\t\t<div class=\"elementor-widget-container\">\n\t\t\t\t\t\t\t\t\t<p style=\"font-size: 16px; font-style: normal; font-weight: 400; margin-bottom: 0px; text-align: justify;\">agente. Estas son experiencias de viaje verdaderamente \u00fanicas: una gran variedad de aventuras inusuales intercaladas con una selecci\u00f3n de tours y cruceros populares. Para el viajero experimentado de la India con un destino o experiencia particular en mente, organizaremos nuestra extensa red de gu\u00edas, agentes y contactos en toda la India para hacerlo realidad. Para descubrir de verdad los tours y aventuras de Deva Holidays, agregue www.devaholidays.in a sus favoritos o cont\u00e1ctenos para obtener m\u00e1s informaci\u00f3n. A\u00f1adiremos nuevos programas, expediciones especiales y cruceros que entusiasmar\u00e1n incluso a los aficionados a la India m\u00e1s experimentados.<\/p><p style=\"font-size: 16px; font-style: normal; font-weight: 400; margin-bottom: 0px; text-align: justify;\">\u00a0<\/p><p style=\"font-size: 16px; font-style: normal; font-weight: 400; margin-bottom: 0px; text-align: justify;\">\u00bfPor qu\u00e9 Deva Holidays Tours &amp; Adventures&#8230;?<\/p><p style=\"font-size: 16px; font-style: normal; font-weight: 400; margin-bottom: 0px; text-align: justify;\">Un equipo de profesionales con asistencia en idiomas nativos y extranjeros.<\/p><p style=\"font-size: 16px; font-style: normal; font-weight: 400; margin-bottom: 0px; text-align: justify;\">Nuestra disponibilidad 24\/7 nos hace especiales. \uf0a7 La presencia local nos permite ser m\u00e1s eficaces y hacer realidad sus vacaciones so\u00f1adas.<\/p><p style=\"font-size: 16px; font-style: normal; font-weight: 400; margin-bottom: 0px; text-align: justify;\">La confianza del cliente es nuestra mayor riqueza.<\/p>\t\t\t\t\t\t\t\t<\/div>\n\t\t\t\t<\/div>\n\t\t\t\t\t<\/div>\n\t\t\t\t<\/div>\n\t\t\t\t<\/div>","protected":false},"excerpt":{"rendered":"<p>Sobre nosotros Es imposible ver, y mucho menos comprender y apreciar, la India y su gente en tan solo una [&hellip;]<\/p>","protected":false},"author":1,"featured_media":0,"parent":0,"menu_order":0,"comment_status":"closed","ping_status":"closed","template":"elementor_header_footer","meta":{"site-sidebar-layout":"no-sidebar","site-content-layout":"","ast-site-content-layout":"full-width-container","site-content-style":"default","site-sidebar-style":"default","ast-global-header-display":"","ast-banner-title-visibility":"","ast-main-header-display":"","ast-hfb-above-header-display":"","ast-hfb-below-header-display":"","ast-hfb-mobile-header-display":"","site-post-title":"disabled","ast-breadcrumbs-content":"","ast-featured-img":"disabled","footer-sml-layout":"","ast-disable-related-posts":"","theme-transparent-header-meta":"","adv-header-id-meta":"","stick-header-meta":"","header-above-stick-meta":"","header-main-stick-meta":"","header-below-stick-meta":"","astra-migrate-meta-layouts":"default","ast-page-background-enabled":"default","ast-page-background-meta":{"desktop":{"background-color":"var(--ast-global-color-5)","background-image":"","background-repeat":"repeat","background-position":"center center","background-size":"auto","background-attachment":"scroll","background-type":"","background-media":"","overlay-type":"","overlay-color":"","overlay-opacity":"","overlay-gradient":""},"tablet":{"background-color":"","background-image":"","background-repeat":"repeat","background-position":"center center","background-size":"auto","background-attachment":"scroll","background-type":"","background-media":"","overlay-type":"","overlay-color":"","overlay-opacity":"","overlay-gradient":""},"mobile":{"background-color":"","background-image":"","background-repeat":"repeat","background-position":"center center","background-size":"auto","background-attachment":"scroll","background-type":"","background-media":"","overlay-type":"","overlay-color":"","overlay-opacity":"","overlay-gradient":""}},"ast-content-background-meta":{"desktop":{"background-color":"var(--ast-global-color-4)","background-image":"","background-repeat":"repeat","background-position":"center center","background-size":"auto","background-attachment":"scroll","background-type":"","background-media":"","overlay-type":"","overlay-color":"","overlay-opacity":"","overlay-gradient":""},"tablet":{"background-color":"var(--ast-global-color-4)","background-image":"","background-repeat":"repeat","background-position":"center center","background-size":"auto","background-attachment":"scroll","background-type":"","background-media":"","overlay-type":"","overlay-color":"","overlay-opacity":"","overlay-gradient":""},"mobile":{"background-color":"var(--ast-global-color-4)","background-image":"","background-repeat":"repeat","background-position":"center center","background-size":"auto","background-attachment":"scroll","background-type":"","background-media":"","overlay-type":"","overlay-color":"","overlay-opacity":"","overlay-gradient":""}},"footnotes":""},"class_list":["post-105","page","type-page","status-publish","hentry"],"_links":{"self":[{"href":"https:\/\/viajesaindia.in\/ar\/wp-json\/wp\/v2\/pages\/105","targetHints":{"allow":["GET"]}}],"collection":[{"href":"https:\/\/viajesaindia.in\/ar\/wp-json\/wp\/v2\/pages"}],"about":[{"href":"https:\/\/viajesaindia.in\/ar\/wp-json\/wp\/v2\/types\/page"}],"author":[{"embeddable":true,"href":"https:\/\/viajesaindia.in\/ar\/wp-json\/wp\/v2\/users\/1"}],"replies":[{"embeddable":true,"href":"https:\/\/viajesaindia.in\/ar\/wp-json\/wp\/v2\/comments?post=105"}],"version-history":[{"count":16,"href":"https:\/\/viajesaindia.in\/ar\/wp-json\/wp\/v2\/pages\/105\/revisions"}],"predecessor-version":[{"id":722,"href":"https:\/\/viajesaindia.in\/ar\/wp-json\/wp\/v2\/pages\/105\/revisions\/722"}],"wp:attachment":[{"href":"https:\/\/viajesaindia.in\/ar\/wp-json\/wp\/v2\/media?parent=105"}],"curies":[{"name":"wp","href":"https:\/\/api.w.org\/{rel}","templated":true}]}}